{"id":7435,"date":"2025-03-16T22:36:33","date_gmt":"2025-03-16T22:36:33","guid":{"rendered":"https:\/\/seniorsecurity.eu\/?page_id=7435"},"modified":"2025-03-18T12:10:41","modified_gmt":"2025-03-18T12:10:41","slug":"terms-of-use","status":"publish","type":"page","link":"https:\/\/seniorsecurity.eu\/ro\/terms-of-use\/","title":{"rendered":"Termeni de utilizare"},"content":{"rendered":"<!DOCTYPE html PUBLIC \"-\/\/W3C\/\/DTD HTML 4.0 Transitional\/\/EN\" \"http:\/\/www.w3.org\/TR\/REC-html40\/loose.dtd\">\n<html><body><div data-elementor-type=\"wp-page\" data-elementor-id=\"7435\" class=\"elementor elementor-7435\" data-elementor-post-type=\"page\">\n\t\t\t\t<div class=\"elementor-element elementor-element-e28f53d e-flex e-con-boxed e-con e-parent\" data-id=\"e28f53d\" data-element_type=\"container\" data-e-type=\"container\">\n\t\t\t\t\t<div class=\"e-con-inner\">\n\t\t\t\t<div class=\"elementor-element elementor-element-0842141 elementor-widget elementor-widget-text-editor\" data-id=\"0842141\" data-element_type=\"widget\" data-e-type=\"widget\" data-widget_type=\"text-editor.default\">\n\t\t\t\t<div class=\"elementor-widget-container\">\n\t\t\t\t\t\t\t\t\t<p><strong>Termeni de utilizare pentru seniorsecurity.eu<\/strong><\/p>\n<p>Prezentele Condi\u021bii de Utilizare (\u201cCondi\u021bii\u201d) guverneaz\u0103 accesul \u0219i utilizarea site-ului web seniorsecurity.eu (\u201cSite-ul\u201d) operat de seniorsecurity.eu, o companie de consultan\u021b\u0103 \u00een securitate cu sediul \u00een Rom\u00e2nia. Prin accesarea sau utilizarea Site-ului, sunte\u021bi de acord s\u0103 respecta\u021bi aceste Condi\u021bii. Dac\u0103 nu sunte\u021bi de acord cu aceste Condi\u021bii, v\u0103 rug\u0103m s\u0103 nu utiliza\u021bi Site-ul.<\/p>\n<p>Termenii de utilizare se pot modifica periodic, f\u0103r\u0103 notificare prealabil\u0103.&nbsp;<\/p>\n<p>Prin alegerea de a accesa site-ul seniorsecurity.eu, de a utiliza informa\u021biile acestuia sau de a desc\u0103rca con\u021binutul acestuia, sunte\u021bi de acord s\u0103 accepta\u021bi to\u021bi Termenii \u0219i condi\u021biile de utilizare, f\u0103r\u0103 limit\u0103ri sau excep\u021bii.<\/p>\n<p>Dac\u0103 dori\u021bi s\u0103 afla\u021bi mai multe despre politicile \u0219i practicile seniorsecurity.eu privind colectarea \u0219i prelucrarea informa\u021biilor utilizatorilor de pe acest site web, v\u0103 rug\u0103m s\u0103 citi\u021bi informa\u021biile noastre. <a href=\"https:\/\/seniorsecurity.eu\/ro\/privacy-policy\/\">Politica de confiden\u021bialitate<\/a>.<\/p>\n<p><strong>Con\u021binut ##<\/strong><\/p>\n<p>Cu excep\u021bia cazului \u00een care se specific\u0103 altfel, toate textele, graficele, logo-urile, pictogramele, imaginile, fi\u0219ierele audio\/video, cadrele de lucru, codurile, modelele, procesele, studiile, analizele, formul\u0103rile, proiec\u021biile, conceptele, expertiza, know-how-ul, instrumentele, solu\u021biile, algoritmii, software-ul, aplica\u021biile, prototipurile etc., care sunt, \u00een orice form\u0103 \u0219i \u00een orice format, g\u0103zduite de sau legate de acest site web sau de seniorsecurity.eu (\u201cCon\u021binut\u201d), sunt proprietatea exclusiv\u0103 a seniorsecurity.eu sau a licen\u021biatorilor s\u0103i, atunci c\u00e2nd este cazul.<\/p>\n<p>Niciun Con\u021binut nu poate fi copiat, reprodus, republicat, postat, replicat, modificat, transmis sau distribuit, integral sau par\u021bial, \u00een niciun format (chiar dac\u0103 nu este \u00een formatul original), indiferent de motiv sau circumstan\u021be, f\u0103r\u0103 autoriza\u021bia prealabil\u0103 scris\u0103 din partea seniorsecurity.eu. Pute\u021bi desc\u0103rca Con\u021binutul pe m\u0103sur\u0103 ce devine disponibil, numai pentru uz privat, necomercial, p\u0103str\u00e2ndu-i caracteristicile originale, respect\u00e2nd \u00een acela\u0219i timp ace\u0219ti Termeni de utilizare \u0219i p\u0103str\u00e2nd Con\u021binutul respectiv \u00een formatul s\u0103u original.<\/p>\n<p>Cu excep\u021bia cazului \u00een care se specific\u0103 altfel, tot Con\u021binutul acestui site web este disponibil gratuit, numai \u00een scop informativ. Nu exist\u0103 nicio inten\u021bie de a stabili rela\u021bii profesionale, de angajare sau corporative \u00eentre seniorsecurity.eu \u0219i utilizatorii acestui site web.<\/p>\n<p>seniorsecurity.eu nu ofer\u0103 nicio declara\u021bie sau garan\u021bie cu privire la Con\u021binutul disponibil pe acest site web \u0219i nici nu ofer\u0103 nicio garan\u021bie de c\u0103tre seniorsecurity.eu cu privire la orice marf\u0103, articol sau titlu care poate fi pus la dispozi\u021bie prin intermediul acestui site web.<\/p>\n<p>seniorsecurity.eu nu \u00ee\u0219i asum\u0103 nicio responsabilitate pentru informa\u021biile, analizele \u0219i concluziile derivate din surse neexaminate sau documente neanalizate. Niciun Con\u021binut nu va fi interpretat sau interpretat ca o previziune, promisiune sau garan\u021bie a performan\u021bei sau rezultatelor viitoare.<\/p>\n<p>Con\u021binutul acestui site web nu trebuie s\u0103 serveasc\u0103 drept sfat, \u00eendrumare sau recomandare de niciun fel sau natur\u0103. seniorsecurity.eu, succesorii, afilia\u021bii, partenerii, investitorii, directorii, reprezentan\u021bii, angaja\u021bii \u0219i agen\u021bii s\u0103i nu vor fi r\u0103spunz\u0103tori, civil sau penal, pentru utilizarea oric\u0103rui Con\u021binut disponibil pe acest site web.<\/p>\n<p><strong>M\u0103rci comerciale ##<\/strong><\/p>\n<p>Toate m\u0103rcile comerciale, logo-urile, desenele sau alte materiale vizuale afi\u0219ate pe acest site web, fie c\u0103 sunt \u00eenregistrate sau nu, sunt proprietatea m\u0103rcii comerciale (\u201cMarc\u0103 comercial\u0103\u201d) a seniorsecurity.eu \u0219i\/sau a licen\u021biatorilor s\u0103i, atunci c\u00e2nd este cazul.<\/p>\n<p>Nimic de pe site-ul seniorsecurity.eu, direct sau indirect, nu va fi interpretat ca o autoriza\u021bie, acordare, licen\u021b\u0103 sau cesiune de utilizare sau drept, \u00een totalitate sau par\u021bial, pentru utilizarea M\u0103rcii comerciale seniorsecurity.eu \u0219i\/sau a licen\u021biatorilor s\u0103i.<\/p>\n<p>Cu excep\u021bia cazului \u00een care seniorsecurity.eu permite \u00een mod expres acest lucru (inclusiv disponibilitatea prin intermediul re\u021belelor sociale, instrumentelor de partajare, paginilor de destina\u021bie etc.), nu se va face nicio referire la seniorsecurity.eu \u00een scopuri comerciale sau promo\u021bionale.<\/p>\n<p><strong>Comunicare ##<\/strong><\/p>\n<p>seniorsecurity.eu \u00ee\u0219i rezerv\u0103 dreptul nerestric\u021bionat \u0219i exclusiv de a utiliza, posta sau distribui \u00een alt mod orice informa\u021bie pe care orice utilizator o trimite prin intermediul site-ului nostru web, fie sub form\u0103 de postare, participare la un panel, camer\u0103 de chat, chestionar, sondaj sau webinar.<\/p>\n<p>Prin utilizarea instrumentelor de comunicare de pe site-ul seniorsecurity.eu, prin oricare dintre mijloacele men\u021bionate mai sus, recunoa\u0219te\u021bi \u0219i sunte\u021bi de acord c\u0103 acorda\u021bi seniorsecurity.eu dreptul mondial, transjurisdic\u021bional, neexclusiv, nerestric\u021bionat, transferabil \u0219i gratuit de a utiliza, reproduce, publica sau distribui, \u00een \u00eentregime sau par\u021bial, \u00een orice format media \u0219i \u00een orice m\u0103sur\u0103, indiferent de scopul - comercial sau de alt\u0103 natur\u0103 - al con\u021binutului mesajului sau post\u0103rii dvs., cu condi\u021bia ca acest lucru s\u0103 nu fie interzis prin lege.<\/p>\n<p><strong>Utilizator ##<\/strong><\/p>\n<p>V\u0103 angaja\u021bi s\u0103 nu trimite\u021bi, trimite\u021bi sau publica\u021bi, \u00een \u00eentregime sau par\u021bial, \u00een nicio m\u0103sur\u0103 \u0219i \u00een niciun format, niciun material periculos, calomnios, def\u0103im\u0103tor sau obscen.<\/p>\n<p>De asemenea, declara\u021bi \u0219i garanta\u021bi c\u0103 nu ve\u021bi trimite, trimite sau publica, \u00een \u00eentregime sau par\u021bial, niciun material care constituie sau ar putea constitui o infrac\u021biune, un delict, un act civil ilegal sau care \u00eencalc\u0103 \u00een alt mod orice norm\u0103 legal\u0103 sau nestatular.<\/p>\n<p>Prin utilizarea site-ului web seniorsecurity.eu, nu ve\u021bi trimite \u00een niciun fel viru\u0219i, programe malware, spyware, ransomware sau orice alt\u0103 form\u0103 de atac digital sau element considerat d\u0103un\u0103tor utiliz\u0103rii corecte a Con\u021binutului de pe site-ul web seniorsecurity.eu.<\/p>\n<p><strong>## Generalit\u0103\u021bi<\/strong><\/p>\n<p>Acest site poate con\u021bine link-uri c\u0103tre site-uri web sau servicii care nu sunt g\u0103zduite sau operate de seniorsecurity.eu. seniorsecurity.eu nu este responsabil pentru informa\u021biile, con\u021binutul sau serviciile ter\u021bilor.<\/p>\n<p>Prezentele Condi\u021bii de Utilizare sunt guvernate de legea rom\u00e2n\u0103 \u0219i de instan\u021bele competente din Rom\u00e2nia, care servesc drept loc ales pentru solu\u021bionarea litigiilor.<\/p>\n<p>Ultima actualizare: 17 martie 2025<\/p>\n<p>Dac\u0103 ave\u021bi \u00eentreb\u0103ri despre ace\u0219ti Termeni, v\u0103 rug\u0103m <a href=\"mailto:office@seniorsecurity.eu\">contacta\u0163i-ne.&nbsp;<\/a><\/p>\t\t\t\t\t\t\t\t<\/div>\n\t\t\t\t<\/div>\n\t\t\t\t\t<\/div>\n\t\t\t\t<\/div>\n\t\t\t\t<\/div>\n\t\t<\/body><\/html>","protected":false},"excerpt":{"rendered":"<p>Terms of Use for seniorsecurity.eu These Terms of Use (&#8220;Terms&#8221;) govern your access to and use of the website seniorsecurity.eu (the &#8220;Site&#8221;) operated by seniorsecurity.eu, a Romanian-based security consulting company. By accessing or using the Site, you agree to be bound by these Terms. If you do not agree to these Terms, please do not [&hellip;]<\/p>\n","protected":false},"author":1,"featured_media":0,"parent":0,"menu_order":0,"comment_status":"closed","ping_status":"closed","template":"","meta":{"footnotes":""},"class_list":["post-7435","page","type-page","status-publish","hentry"],"_links":{"self":[{"href":"https:\/\/seniorsecurity.eu\/ro\/wp-json\/wp\/v2\/pages\/7435","targetHints":{"allow":["GET"]}}],"collection":[{"href":"https:\/\/seniorsecurity.eu\/ro\/wp-json\/wp\/v2\/pages"}],"about":[{"href":"https:\/\/seniorsecurity.eu\/ro\/wp-json\/wp\/v2\/types\/page"}],"author":[{"embeddable":true,"href":"https:\/\/seniorsecurity.eu\/ro\/wp-json\/wp\/v2\/users\/1"}],"replies":[{"embeddable":true,"href":"https:\/\/seniorsecurity.eu\/ro\/wp-json\/wp\/v2\/comments?post=7435"}],"version-history":[{"count":0,"href":"https:\/\/seniorsecurity.eu\/ro\/wp-json\/wp\/v2\/pages\/7435\/revisions"}],"wp:attachment":[{"href":"https:\/\/seniorsecurity.eu\/ro\/wp-json\/wp\/v2\/media?parent=7435"}],"curies":[{"name":"wp","href":"https:\/\/api.w.org\/{rel}","templated":true}]}}