{"id":3,"date":"2025-03-08T07:27:29","date_gmt":"2025-03-08T07:27:29","guid":{"rendered":"https:\/\/seniorsecurity.eu\/?page_id=3"},"modified":"2025-03-16T22:27:26","modified_gmt":"2025-03-16T22:27:26","slug":"privacy-policy","status":"publish","type":"page","link":"https:\/\/seniorsecurity.eu\/ro\/privacy-policy\/","title":{"rendered":"Politica de confiden\u021bialitate"},"content":{"rendered":"<!DOCTYPE html PUBLIC \"-\/\/W3C\/\/DTD HTML 4.0 Transitional\/\/EN\" \"http:\/\/www.w3.org\/TR\/REC-html40\/loose.dtd\">\n<html><body><div data-elementor-type=\"wp-page\" data-elementor-id=\"3\" class=\"elementor elementor-3\" data-elementor-post-type=\"page\">\n\t\t\t\t<div class=\"elementor-element elementor-element-68997d23 e-flex e-con-boxed e-con e-parent\" data-id=\"68997d23\" data-element_type=\"container\" data-e-type=\"container\">\n\t\t\t\t\t<div class=\"e-con-inner\">\n\t\t\t\t<div class=\"elementor-element elementor-element-4a448821 elementor-widget elementor-widget-text-editor\" data-id=\"4a448821\" data-element_type=\"widget\" data-e-type=\"widget\" data-widget_type=\"text-editor.default\">\n\t\t\t\t<div class=\"elementor-widget-container\">\n\t\t\t\t\t\t\t\t\t<p><strong>Politica de confiden\u021bialitate seniorsecurity.eu<\/strong><\/p>\n<p>seniorsecurity.eu (\u201eseniorsecurity\u201d sau \u201enoi\u201d) se angajeaz\u0103 s\u0103 protejeze confiden\u021bialitatea personal\u0103 \u0219i s\u0103 protejeze datele cu caracter personal ale angaja\u021bilor, clien\u021bilor, furnizorilor \u0219i altor entit\u0103\u021bi cu care desf\u0103\u0219ur\u0103m activit\u0103\u021bi comerciale. Aceast\u0103 Politic\u0103 de confiden\u021bialitate descrie modul \u00een care colect\u0103m \u0219i prelucr\u0103m informa\u021biile cu caracter personal \u0219i ofer\u0103 o \u00een\u021belegere clar\u0103 a modului \u00een care datele sunt controlate \u0219i securizate, precum \u0219i a drepturilor fiec\u0103rei persoane \u00een leg\u0103tur\u0103 cu informa\u021biile sale personale.<\/p>\n<p>Datele personale \u0219i informa\u021biile confiden\u021biale sunt active cheie pentru seniorsecurity.eu, precum \u0219i pentru clien\u021bii \u0219i furnizorii s\u0103i. Ne angaj\u0103m s\u0103 asigur\u0103m securitatea \u0219i protec\u021bia informa\u021biilor personale \u0219i s\u0103 men\u021binem conformitatea \u0219i consecven\u021ba \u00een abordarea noastr\u0103 privind protec\u021bia datelor.<\/p>\n<p>seniorsecurity.eu respect\u0103 toate cerin\u021bele de reglementare \u0219i legisla\u021bia privind protec\u021bia datelor, inclusiv Regulamentul general privind protec\u021bia datelor (GDPR) al UE 2016\/679. Men\u021binem controlul asupra datelor cu caracter personal colectate de la angaja\u021bii, clien\u021bii \u0219i furnizorii no\u0219tri, ac\u021bion\u00e2nd \u00een calitate de \u201eoperator\u201d al datelor cu caracter personal respective \u00een conformitate cu GDPR.<\/p>\n<p>seniorsecurity.eu este o companie rom\u00e2neasc\u0103 de securitate axat\u0103 pe servicii de consultan\u021b\u0103 \u00een domeniul securit\u0103\u021bii.<\/p>\n<p><strong>Cui se aplic\u0103 aceast\u0103 Politic\u0103 de confiden\u021bialitate<\/strong><\/p>\n<p>Aceast\u0103 Politic\u0103 de confiden\u021bialitate se aplic\u0103 persoanelor care sunt sau au fost reprezentan\u021bi ai clien\u021bilor sau furnizorilor seniorsecurity, angaja\u021bilor sau fo\u0219tilor angaja\u021bi, candida\u021bilor pentru posturi \u00een cadrul organiza\u021biei \u0219i oric\u0103rei alte persoane care este sau a fost partener sau asociat al seniorsecurity.<\/p>\n<p><strong>Informa\u021bii personale pe care le colect\u0103m<\/strong><\/p>\n<p>seniorsecurity nu colecteaz\u0103 \u0219i nu prelucreaz\u0103 date cu caracter personal f\u0103r\u0103 consim\u021b\u0103m\u00e2nt, cu excep\u021bia cazurilor \u00een care informa\u021biile sunt necesare \u00een temeiul unei obliga\u021bii contractuale sau legale sau atunci c\u00e2nd avem un interes legitim \u00een colectarea informa\u021biilor pentru \u00eendeplinirea activit\u0103\u021bilor noastre de consultan\u021b\u0103 \u00een domeniul securit\u0103\u021bii.<\/p>\n<p>Este posibil s\u0103 colect\u0103m informa\u021bii de baz\u0103 care identific\u0103 fiecare persoan\u0103 ca individ \u0219i compania pe care o reprezint\u0103, cum ar fi:<\/p>\n<p>- Numele complet<br>- Numele companiei<br>\u2013 Func\u021bia postului \u0219i departamentul<br>\u2013 Adresa firmei<br>\u2013 E-mail de afaceri<br>\u2013 E-mail privat<br>\u2013 Telefon de serviciu \u0219i telefon mobil<br>\u2013 Luna \u0219i ziua na\u0219terii<br>\u2013 Informa\u021bii pentru \u00eendeplinirea obliga\u021biilor legale sau contractuale<\/p>\n<p><strong>Cum utiliz\u0103m datele cu caracter personal<\/strong><\/p>\n<p>seniorsecurity utilizeaz\u0103 date cu caracter personal pentru a furniza servicii de consultan\u021b\u0103 \u00een domeniul securit\u0103\u021bii, pentru a accepta servicii de la furnizori \u0219i pentru a gestiona rela\u021biile de munc\u0103. De asemenea, putem utiliza date cu caracter personal pentru a furniza con\u021binut relevant, cum ar fi mesaje institu\u021bionale, buletine informative \u0219i materiale legate de evenimente.<\/p>\n<p><strong>Actualiz\u0103ri \u0219i comunic\u0103ri ##<\/strong><\/p>\n<p>Acolo unde este permis \u00een interesul nostru legitim, pentru a \u00eendeplini o obliga\u021bie legal\u0103 sau contractual\u0103 sau cu consim\u021b\u0103m\u00e2ntul prealabil, putem utiliza datele cu caracter personal pentru a trimite actualiz\u0103ri \u0219i comunic\u0103ri. Pute\u021bi opta s\u0103 nu mai primi\u021bi materiale de marketing \u00een orice moment.<\/p>\n<p><strong>Cine poate primi informa\u021biile dvs.<\/strong><\/p>\n<p>Este posibil s\u0103 partaj\u0103m informa\u021biile dumneavoastr\u0103 personale cu ter\u021be p\u0103r\u021bi \u00een scopul prelucr\u0103rii sau pentru a sprijini prelucrarea datelor cu caracter personal, men\u021bin\u00e2nd \u00eentotdeauna acorduri stricte de confiden\u021bialitate.<\/p>\n<p><strong>Unde \u0219i cum sunt stocate datele cu caracter personal<\/strong><\/p>\n<p>Datele cu caracter personal pe care seniorsecurity le colecteaz\u0103 pot fi transferate, stocate \u0219i prelucrate \u00een Rom\u00e2nia. Am implementat m\u0103suri de securitate pentru a preveni pierderea, utilizarea, modificarea, divulgarea sau accesarea datelor cu caracter personal de c\u0103tre persoane neautorizate.<\/p>\n<p><strong>Cum sunt protejate datele cu caracter personal<\/strong><\/p>\n<p>Am implementat proceduri interne care restric\u021bioneaz\u0103 accesul la datele cu caracter personal \u0219i am implementat m\u0103suri de securitate, cum ar fi criptarea avansat\u0103, segmentarea linkurilor de internet, certificate SSL, teste de penetrare recurente \u0219i protec\u021bia endpoint-urilor.<\/p>\n<p><strong>Drepturi individuale legate de datele cu caracter personal<\/strong><\/p>\n<p>Ave\u021bi dreptul de a solicita corectarea, actualizarea sau \u0219tergerea datelor dumneavoastr\u0103 cu caracter personal. De asemenea, pute\u021bi solicita restric\u021bionarea sau obiectarea la partajarea datelor cu caracter personal, iar \u00een cazul \u00een care partajarea se bazeaz\u0103 pe consim\u021b\u0103m\u00e2nt, ave\u021bi dreptul de a v\u0103 retrage consim\u021b\u0103m\u00e2ntul \u00een orice moment.<\/p>\n<p><strong>Informa\u021bii de contact ##<\/strong><\/p>\n<p>Dac\u0103 ave\u021bi nel\u0103muriri sau \u00eentreb\u0103ri cu privire la aceast\u0103 Politic\u0103 de confiden\u021bialitate, v\u0103 rug\u0103m s\u0103 contacta\u021bi privacy@seniorsecurity.eu.<\/p>\n<p>Aceast\u0103 Politic\u0103 de confiden\u021bialitate intr\u0103 \u00een vigoare \u00eencep\u00e2nd cu 16 martie 2025 \u0219i poate fi actualizat\u0103 periodic pentru a reflecta modific\u0103rile practicilor noastre sau cerin\u021bele legale.<\/p>\t\t\t\t\t\t\t\t<\/div>\n\t\t\t\t<\/div>\n\t\t\t\t\t<\/div>\n\t\t\t\t<\/div>\n\t\t\t\t<\/div>\n\t\t<\/body><\/html>","protected":false},"excerpt":{"rendered":"<p>seniorsecurity.eu Privacy Policy seniorsecurity.eu (&#8220;seniorsecurity&#8221; or &#8220;we&#8221;) is committed to safeguarding personal privacy and protecting the personal data of our employees, clients, suppliers, and other entities with which we conduct business. This Privacy Policy describes how we gather and process personal information and provides a clear understanding of how data is controlled and secured, and [&hellip;]<\/p>\n","protected":false},"author":1,"featured_media":0,"parent":0,"menu_order":0,"comment_status":"closed","ping_status":"open","template":"","meta":{"footnotes":""},"class_list":["post-3","page","type-page","status-publish","hentry"],"_links":{"self":[{"href":"https:\/\/seniorsecurity.eu\/ro\/wp-json\/wp\/v2\/pages\/3","targetHints":{"allow":["GET"]}}],"collection":[{"href":"https:\/\/seniorsecurity.eu\/ro\/wp-json\/wp\/v2\/pages"}],"about":[{"href":"https:\/\/seniorsecurity.eu\/ro\/wp-json\/wp\/v2\/types\/page"}],"author":[{"embeddable":true,"href":"https:\/\/seniorsecurity.eu\/ro\/wp-json\/wp\/v2\/users\/1"}],"replies":[{"embeddable":true,"href":"https:\/\/seniorsecurity.eu\/ro\/wp-json\/wp\/v2\/comments?post=3"}],"version-history":[{"count":0,"href":"https:\/\/seniorsecurity.eu\/ro\/wp-json\/wp\/v2\/pages\/3\/revisions"}],"wp:attachment":[{"href":"https:\/\/seniorsecurity.eu\/ro\/wp-json\/wp\/v2\/media?parent=3"}],"curies":[{"name":"wp","href":"https:\/\/api.w.org\/{rel}","templated":true}]}}